{"id":10,"date":"2019-03-19T16:20:01","date_gmt":"2019-03-19T15:20:01","guid":{"rendered":"http:\/\/veherproject.com\/?page_id=10"},"modified":"2019-04-04T16:15:17","modified_gmt":"2019-04-04T14:15:17","slug":"contact","status":"publish","type":"page","link":"https:\/\/veherproject.com\/index.php\/contact\/","title":{"rendered":"Contact"},"content":{"rendered":"<p>Vous souhaitez faire l&rsquo;acquisition de l&rsquo;une de mes \u0153uvres, m&rsquo;inviter \u00e0 exposer ou passer une commande pour vous ou votre entreprise, collectivit\u00e9 ?<\/p>\n<p>Vous souhaitez simplement discuter ?<\/p>\n\n\n<hr class=\"wp-block-separator\"\/>\n\n\n<p><em>You would like to purchase one of my artwork, invite me for an exhibition or make an order for you or your compagny ?<\/em><\/p>\n<p><em>You just would like to discuss ?<\/em><\/p>\n\n\n<hr class=\"wp-block-separator\"\/>\n\n\n<p>Facebook : @veher.project | Instagram : @veherproject | hello@veherproject.com<\/p>","protected":false},"excerpt":{"rendered":"<p>Vous souhaitez faire l&rsquo;acquisition de l&rsquo;une de mes \u0153uvres, m&rsquo;inviter \u00e0 exposer ou passer une commande pour vous ou votre entreprise, collectivit\u00e9 ? Vous souhaitez simplement discuter ? You would like to purchase one of my artwork, invite me for an exhibition or make an order for you or your compagny ? You just would &hellip; <a href=\"https:\/\/veherproject.com\/index.php\/contact\/\" class=\"more-link\">Continuer la lecture<span class=\"screen-reader-text\"> de &laquo;&nbsp;Contact&nbsp;&raquo;<\/span><\/a><\/p>\n","protected":false},"author":1,"featured_media":52,"parent":0,"menu_order":0,"comment_status":"closed","ping_status":"closed","template":"","meta":{"_vp_format_video_url":"","_vp_image_focal_point":[],"footnotes":""},"class_list":["post-10","page","type-page","status-publish","has-post-thumbnail","hentry"],"_links":{"self":[{"href":"https:\/\/veherproject.com\/index.php\/wp-json\/wp\/v2\/pages\/10","targetHints":{"allow":["GET"]}}],"collection":[{"href":"https:\/\/veherproject.com\/index.php\/wp-json\/wp\/v2\/pages"}],"about":[{"href":"https:\/\/veherproject.com\/index.php\/wp-json\/wp\/v2\/types\/page"}],"author":[{"embeddable":true,"href":"https:\/\/veherproject.com\/index.php\/wp-json\/wp\/v2\/users\/1"}],"replies":[{"embeddable":true,"href":"https:\/\/veherproject.com\/index.php\/wp-json\/wp\/v2\/comments?post=10"}],"version-history":[{"count":3,"href":"https:\/\/veherproject.com\/index.php\/wp-json\/wp\/v2\/pages\/10\/revisions"}],"predecessor-version":[{"id":112,"href":"https:\/\/veherproject.com\/index.php\/wp-json\/wp\/v2\/pages\/10\/revisions\/112"}],"wp:featuredmedia":[{"embeddable":true,"href":"https:\/\/veherproject.com\/index.php\/wp-json\/wp\/v2\/media\/52"}],"wp:attachment":[{"href":"https:\/\/veherproject.com\/index.php\/wp-json\/wp\/v2\/media?parent=10"}],"curies":[{"name":"wp","href":"https:\/\/api.w.org\/{rel}","templated":true}]}}